{"id":70,"date":"2015-06-08T11:59:07","date_gmt":"2015-06-08T09:59:07","guid":{"rendered":"http:\/\/www.bandalmenno.it\/WP\/?page_id=70"},"modified":"2025-04-10T11:45:15","modified_gmt":"2025-04-10T09:45:15","slug":"nuovi-successi-con-grandi-maestri","status":"publish","type":"page","link":"http:\/\/www.bandalmenno.it\/WP\/?page_id=70","title":{"rendered":"Nuovi Successi con Grandi Maestri"},"content":{"rendered":"<p style=\"text-align: justify;\">Il nuovo entusiasmo port\u00f2 subito ad un lusinghiero traguardo: sotto la direzione del maestro Roberti di Seriate la Banda partecip\u00f2 al primo concorso bandistico regionale, che si tenne a San Pellegrino Terme nel 1911, ottenendo il terzo posto e lode speciale.<br \/>\nNel 1915 per\u00f2 il complesso dovette sciogliersi per il richiamo alle armi di quasi tutti i componenti. Si ricompose dopo la guerra, sostenuto come sempre dal prevosto Chit\u00f2 e portato ad un eccellente livello di preparazione da un nuovo maestro il Cav. Eugenio Giudici, che diresse la Banda fino al 1932. Fu questo un periodo di intensa attivit\u00e0 (nel 1926 si effettuarono ben 62 servizi) e di notevoli successi. La Banda tenne concerti anche a Bergamo durante ricevimenti, feste di beneficenza, celebrazioni patriottiche, in Prefettura, nel teatro dei Sindacati, in Piazza Dante e nel cortile del Chiostro di Santa Marta\u2026, eseguendo musiche scelte di grandi compositori, come Verdi, Donizetti, Boito, Ponchielli, Mascagni, Puccini, Bizet\u2026 e anche dello stesso maestro Giudici, autore di molte musiche originali per la Banda. Esegu\u00ec servizi religiosi anche nelle Parrocchie cittadine di S. Andrea, Castagneta, Colognola\u2026<img loading=\"lazy\" decoding=\"async\" class=\"img alignleft\" src=\"http:\/\/www.bandalmenno.it\/images\/trofeo3.jpg\" alt=\"\" width=\"122\" height=\"138\" align=\"left\"><br \/>\nDopo il maestro Giudici, il Complesso fu diretto dal maestro Perico e dal vice Merletti fino all\u2019anno 1937, quando venne affidato alla bacchetta del maestro Cav. Mario Locatelli, che l&#8217;ha guidato per ben 50 anni. Durante questo lungo periodo il maestro Locatelli \u00e8 stato l\u2019anima della Banda di cui ha vissuto intensamente i momenti pi\u00f9 o meno felici insieme con un consistente gruppo di veterani bandisti. L\u2019ha diretta con grande passione e capacit\u00e0 portandola ad un livello artistico notevole e ottenendo consensi e riconoscimenti ovunque la Banda si sia esibita.<br \/>\nFra i traguardi pi\u00f9 prestigiosi ricordiamo:<br \/>\n&#8211; L\u2019anfora d\u2019argento conseguita nel 1969 a San Pellegrino Terme ad un raduno di 68 complessi bandistici venuti da Lombardia, Veneto ed Emilia Romagna;<br \/>\n&#8211; Il privilegio di ripristinare nel 1982 la tradizione dei concerti bandistici sul baluardo di S. Michele nei pressi di Sant\u2019Agostino a Bergamo;<br \/>\n&#8211; L\u2019incisione nel sempre 1982 di un disco con musica operistica e d\u2019ispirazione popolare;<br \/>\n&#8211; Nel 1983 il primo premio al concorso \u201cPoesia e Musica\u201d, indetto dal settimanale La Nostra Domenica, con l\u2019esecuzione del brano \u201cDonna\u201d composto dal maestro stesso.<br \/>\nMa al di l\u00e0 dei momenti pi\u00f9 esaltanti, in tutti questi anni la Banda \u00e8 sempre stata attiva in paese e in provincia con circa 40 servizi e 6-7 concerti l\u2019anno, nei quali ha eseguito specialmente musica operistica di grandi autori dell\u2019ottocento e spesso anche brani dello stesso maestro Locatelli, che si \u00e8 dimostrato ottimo compositore e arrangiatore.<\/p>\n","protected":false},"excerpt":{"rendered":"<div class=\"mh-excerpt\"><p>Il nuovo entusiasmo port\u00f2 subito ad un lusinghiero traguardo: sotto la direzione del maestro Roberti di Seriate la Banda partecip\u00f2 al primo concorso bandistico regionale, <a class=\"mh-excerpt-more\" href=\"http:\/\/www.bandalmenno.it\/WP\/?page_id=70\" title=\"Nuovi Successi con Grandi Maestri\">[&#8230;]<\/a><\/p>\n<\/div>","protected":false},"author":1,"featured_media":0,"parent":0,"menu_order":0,"comment_status":"closed","ping_status":"open","template":"","meta":{"ngg_post_thumbnail":0,"footnotes":""},"class_list":["post-70","page","type-page","status-publish","hentry"],"_links":{"self":[{"href":"http:\/\/www.bandalmenno.it\/WP\/index.php?rest_route=\/wp\/v2\/pages\/70","targetHints":{"allow":["GET"]}}],"collection":[{"href":"http:\/\/www.bandalmenno.it\/WP\/index.php?rest_route=\/wp\/v2\/pages"}],"about":[{"href":"http:\/\/www.bandalmenno.it\/WP\/index.php?rest_route=\/wp\/v2\/types\/page"}],"author":[{"embeddable":true,"href":"http:\/\/www.bandalmenno.it\/WP\/index.php?rest_route=\/wp\/v2\/users\/1"}],"replies":[{"embeddable":true,"href":"http:\/\/www.bandalmenno.it\/WP\/index.php?rest_route=%2Fwp%2Fv2%2Fcomments&post=70"}],"version-history":[{"count":4,"href":"http:\/\/www.bandalmenno.it\/WP\/index.php?rest_route=\/wp\/v2\/pages\/70\/revisions"}],"predecessor-version":[{"id":742,"href":"http:\/\/www.bandalmenno.it\/WP\/index.php?rest_route=\/wp\/v2\/pages\/70\/revisions\/742"}],"wp:attachment":[{"href":"http:\/\/www.bandalmenno.it\/WP\/index.php?rest_route=%2Fwp%2Fv2%2Fmedia&parent=70"}],"curies":[{"name":"wp","href":"https:\/\/api.w.org\/{rel}","templated":true}]}}